{"id":3924,"date":"2025-06-05T14:52:46","date_gmt":"2025-06-05T12:52:46","guid":{"rendered":"https:\/\/www.struja.rs\/politika-kolacica\/"},"modified":"2025-08-08T11:05:56","modified_gmt":"2025-08-08T09:05:56","slug":"cookie-policy","status":"publish","type":"page","link":"https:\/\/www.struja.rs\/en\/cookie-policy\/","title":{"rendered":"Cookie policy"},"content":{"rendered":"\n<p>Kako bi na\u0161a internet prezentacija radila pravilno i kako bismo bili u stanju da vr\u0161imo dalja unapre\u0111enja, a u svrhu pobolj\u0161anja va\u0161eg iskustva pregledanja, ova stranica mora va\u0161em ra\u010dunaru da po\u0161alje malu koli\u010dinu informacija (tzv. cookies ili kola\u010di\u0107i). Preko 90% svih web stranica koristi ovu praksu, ali u skladu sa Zakonom o za\u0161titi podataka o li\u010dnosti smo u obavezi da pre slanja kola\u010di\u0107a obezbedimo va\u0161 pristanak, osim za one kola\u010di\u0107e koji su \u201cizri\u010dito neophodni\u201d. Kori\u0161\u0107enjem na\u0161e Platforme pristajete na upotrebu kola\u010di\u0107a. Blokiranjem kola\u010di\u0107a i dalje mo\u017eete da pregledate stranice na Platformi, ali vam neke opcije ne\u0107e biti dostupne.<br><br><strong>\u0160ta su kola\u010di\u0107i?<br><\/strong><br>Kola\u010di\u0107i (eng. Cookies) su male datoteke koje se sastoje od niza slova i brojeva i koje su na va\u0161 ra\u010dunar postavljene pomo\u0107u servera veb stranica. Oni omogu\u0107avaju vlasniku veb lokacije da vas razlikuje od ostalih korisnika te veb lokacije. Kola\u010di\u0107i se ne mogu kodirati, ne mogu se koristiti za preno\u0161enje virusa i ne mogu nam omogu\u0107iti da pristupimo va\u0161em hard disku. Ne mo\u017eemo da pro\u010ditamo nikakve informacije sa va\u0161eg hard diska \u010dak iako su kola\u010di\u0107i tamo uskladi\u0161teni.<br><br>Kola\u010di\u0107i obi\u010dno \u010duvaju va\u0161e postavke za web stranicu, kao \u0161to su \u017eeljeni jezik ili adresa. Kasnije, kada opet otvorite istu web stranicu internet preta\u017eiva\u010d \u0161alje nazad kola\u010di\u0107e koji pripadaju toj stranici. Ovo omogu\u0107ava stranici da prika\u017ee informacije prilago\u0111ene va\u0161im potrebama. Kola\u010di\u0107i mogu da \u010duvaju \u0161irok pojas informacija uklju\u010duju\u0107i i podatke o li\u010dnosti (kao \u0161to je va\u0161e ime ili e-mail). Ipak, ova informacija mo\u017ee biti sa\u010duvana jedino ako vi to omogu\u0107ite \u2013 web stranice ne mogu da dobiju pristup informacijama koji im vi niste dali i ne mogu da pristupe drugim datotekama na va\u0161em ra\u010dunaru. Zadate aktivnosti \u010duvanja i slanja kola\u010di\u0107a vama nisu vidljive. Ipak, mo\u017eete da promenite va\u0161e postavke internet pretra\u017eiva\u010da da mo\u017eete sami da birate da li ho\u0107ete da zahteve za \u010duvanje kola\u010di\u0107a odobrite ili odbijete, izbri\u0161ete sa\u010duvane kola\u010di\u0107e automatski pri zatvaranju internet preta\u017eiva\u010da i sli\u010dno.<br><br><strong>Vrste kola\u010di\u0107a<br><\/strong><br>Podaci koji se generi\u0161u putem kola\u010di\u0107a na na\u0161oj Platformi mogu se koristiti u razli\u010dite svrhe, uklju\u010duju\u0107i i slede\u0107e:<br><br>IZRI\u010cITO NEOPHODNI<\/p>\n\n\n\n<p>Ovi kola\u010di\u0107i su neophodni da biste mogli da se kre\u0107ete po web lokaciji i koristite njene funkcije.<\/p>\n\n\n\n<p>KOLA\u010cI\u0106I PERFORMANSI<\/p>\n\n\n\n<p>Ovi kola\u010di\u0107i prikupljaju informacije o tome kako posetioci koriste web lokaciju, na primer koje stranice naj\u010de\u0161\u0107e pose\u0107uju i da li primaju poruke o gre\u0161kama.<\/p>\n\n\n\n<p>Koriste se za pobolj\u0161avanje na\u010dina funkcionisanja web lokacije u budu\u0107im verzijama.<\/p>\n\n\n\n<p>REKLAMNI KOLA\u010cI\u0106I<\/p>\n\n\n\n<p>Ovi kola\u010di\u0107i dozvoljavaju web lokaciji da pamti izbore koje pravite kao \u0161to su korisni\u010dko ime, jezik ili region u kojem se nalazite i obezbe\u0111uju pobolj\u0161ano li\u010dno iskustvo.<\/p>\n\n\n\n<p>PRIVREMENI KOLA\u010cI\u0106I (SESSION COOKIES)<\/p>\n\n\n\n<p>Privremeni kola\u010di\u0107i koji isti\u010du (i automatski se bri\u0161u) kada zatvorite internet pretra\u017eiva\u010d. Mi koristimo session cookies da omogu\u0107imo pristup sadr\u017eaju i omogu\u0107imo davanje komentara (stvari koje morate da uradite kada se prijavite sa svojim podacima na web stranicu).<\/p>\n\n\n\n<p>TRAJNI KOLA\u010cI\u0106I (PERSISTENT COOKIES)<\/p>\n\n\n\n<p>Obi\u010dno imaju datum isteka daleko u budu\u0107nost i ostaju u va\u0161em preta\u017eiva\u010du dok ne isteknu ili dok ih ru\u010dno ne izbri\u0161ete. Koristimo trajne kola\u010di\u0107e kako bismo bolje razumeli navike korisnika i tako pobolj\u0161avali web stranicu prema va\u0161im navikama. Ova informacija je anonimna \u2013 ne vidimo va\u0161e podatke o li\u010dnosti.<\/p>\n\n\n\n<p>KOLA\u010cI\u0106I TRE\u0106E STRANE<\/p>\n\n\n\n<p>Ima nekoliko spoljnih servisa koji korisniku skladi\u0161te limitirane kola\u010di\u0107e. Ovi kola\u010di\u0107i nisu postavljeni\u2028od strane ove web stranice, ali neki slu\u017ee za normalno funkcionisanje odre\u0111enih mogu\u0107nosti koje korisnicima olak\u0161avaju pristup sadr\u017eaju. Trenutno omogu\u0107avamo:<\/p>\n\n\n\n<p><strong>Merenje pose\u0107enosti<\/strong><\/p>\n\n\n\n<p>Platforma koristi servis za merenje pose\u0107enosti, Google Analytics. Ako \u017eelite da onemogu\u0107ite da navedeni servisi skladi\u0161te kola\u010di\u0107e, mo\u017eete da ih zabranite na slede\u0107em linku: Google Analytics \u2013 https:\/\/tools.google.com\/dlpage\/gaoptout<\/p>\n\n\n\n<p><strong>Kako onemogu\u0107iti kola\u010di\u0107e?<\/strong><\/p>\n\n\n\n<p>Isklju\u010divanjem kola\u010di\u0107a odlu\u010dujete da li ho\u0107ete da dopustite \u010duvanje kola\u010di\u0107a na va\u0161em ra\u010dunaru. Cookie postavke mogu da se kontroli\u0161u i konfiguri\u0161u u va\u0161em web pretra\u017eiva\u010du. Za informacije o postavkama kola\u010di\u0107a, odaberite web pretra\u017eiva\u010d koji koristite. \u2022 Chrome \u2022 Firefox \u2022 Internet Explorer 9 \u2022 Internet Explorer 7 i 8 \u2022 Opera (stranica na engleskom jeziku) \u2022 Safari (stranica na engleskom) Ako onemogu\u0107ite kola\u010di\u0107e, ne\u0107ete mo\u0107i da koristite neke od funkcionalnosti na ovim web stranicama. Trenutno postoji nekoliko web stranica za isklju\u010divanje skladi\u0161tenja kola\u010di\u0107a za razli\u010dite servise.Vi\u0161e informacija mo\u017eete dobiti na slede\u0107im linkovima:<\/p>\n\n\n\n<p><a href=\"http:\/\/www.allaboutcookies.org\/\" target=\"_blank\" rel=\"noreferrer noopener\"><strong>http:\/\/www.allaboutcookies.org\/\u2028<br><\/strong><\/a><strong><a href=\"http:\/\/www.youronlinechoices.eu\/\" target=\"_blank\" rel=\"noreferrer noopener\">http:\/\/www.youronlinechoices.eu\/<\/a><\/strong><\/p>\n","protected":false},"excerpt":{"rendered":"<p>Kako bi na\u0161a internet prezentacija radila pravilno i kako bismo bili u stanju da vr\u0161imo dalja unapre\u0111enja, a u svrhu pobolj\u0161anja va\u0161eg iskustva pregledanja, ova stranica mora va\u0161em ra\u010dunaru da po\u0161alje malu koli\u010dinu informacija (tzv. cookies ili kola\u010di\u0107i). Preko 90% svih web stranica koristi ovu praksu, ali u skladu sa Zakonom o za\u0161titi podataka o [&hellip;]<\/p>\n","protected":false},"author":1,"featured_media":0,"parent":0,"menu_order":0,"comment_status":"closed","ping_status":"closed","template":"","meta":{"_acf_changed":false,"footnotes":""},"class_list":["post-3924","page","type-page","status-publish","hentry"],"acf":[],"_links":{"self":[{"href":"https:\/\/www.struja.rs\/en\/wp-json\/wp\/v2\/pages\/3924","targetHints":{"allow":["GET"]}}],"collection":[{"href":"https:\/\/www.struja.rs\/en\/wp-json\/wp\/v2\/pages"}],"about":[{"href":"https:\/\/www.struja.rs\/en\/wp-json\/wp\/v2\/types\/page"}],"author":[{"embeddable":true,"href":"https:\/\/www.struja.rs\/en\/wp-json\/wp\/v2\/users\/1"}],"replies":[{"embeddable":true,"href":"https:\/\/www.struja.rs\/en\/wp-json\/wp\/v2\/comments?post=3924"}],"version-history":[{"count":1,"href":"https:\/\/www.struja.rs\/en\/wp-json\/wp\/v2\/pages\/3924\/revisions"}],"predecessor-version":[{"id":3925,"href":"https:\/\/www.struja.rs\/en\/wp-json\/wp\/v2\/pages\/3924\/revisions\/3925"}],"wp:attachment":[{"href":"https:\/\/www.struja.rs\/en\/wp-json\/wp\/v2\/media?parent=3924"}],"curies":[{"name":"wp","href":"https:\/\/api.w.org\/{rel}","templated":true}]}}