{"id":3926,"date":"2025-06-05T14:52:37","date_gmt":"2025-06-05T12:52:37","guid":{"rendered":"https:\/\/www.struja.rs\/politika-privatnosti\/"},"modified":"2025-08-08T11:06:19","modified_gmt":"2025-08-08T09:06:19","slug":"privacy-policy","status":"publish","type":"page","link":"https:\/\/www.struja.rs\/en\/privacy-policy\/","title":{"rendered":"Privacy policy"},"content":{"rendered":"\n<p><strong>Privatnost<br><\/strong><br>Mi po\u0161tujemo va\u0161u privatnost i bri\u017eno \u010duvamo Va\u0161e li\u010dne podatke. U ovoj Politici za\u0161tite li\u010dnih podataka (u nastavku Politika) obave\u0161tavamo Vas o li\u010dnim podacima koje od Vas prikupljamo, za koje svrhe i po kom pravnom osnovu, sigurnosne mere kojima ih \u0161titimo, lica s kojima ih delimo, rok u kojem ih \u010duvamo, kao i Va\u0161a prava u vezi sa za\u0161titom li\u010dnih podataka.<br><br>Ova Politika se primenjuje za:<br>1) sve kupce na\u0161ih proizvoda preko na\u0161e internet prezentacije www.struja.rs\u2028<br>2) sve posetioce na\u0161e internet prezentacije.<br><br>U slu\u010daju da u vezi s kori\u0161\u0107enjem ove Politike ili u vezi sa ostvarivanjem va\u0161ih prava, koja proizilaze iz ove Politike, imate bilo kakvo pitanje, obratite nam se na e-mail adresu: struja@struja.rs, sa oznakom \u201c Za\u0161tita li\u010dnih podataka\u201d.<br><br><strong>Osnovni pojmovi<br><\/strong><br>Svaki pojedina\u010dni dole odre\u0111eni pojam ima u okviru ove Politike svrhu, kao \u0161to je odre\u0111ena u ovom poglavlju:<br>Li\u010dni podaci zna\u010de bilo koju informaciju, na osnovu koje se mo\u017ee odrediti pojedinac (ovde spadaju npr. ime, prezime, e-mail, IP adresa, telefonski broj, sl.);<\/p>\n\n\n\n<p>Kupac \u2013 ozna\u010dava lice koje preko na\u0161e internet prezentacije vr\u0161e kupovinu na\u0161ih proizvoda;\u2028<br>Posetilac \u2013 ozna\u010dava posetioce na\u0161e internet prezentacije koji ne vr\u0161e kupovinu na\u0161ih proizvoda;\u2028<br>Obrada predstavlja radnje prikupljanja, bele\u017eenja, razvrstavanja, grupisanja, odnosno strukturisanje, pohranjivanje, upodobljavanje ili menjanje, otkrivanje, uvid, upotreba, otkrivanje prenosom, odnosno dostavljanjem, umno\u017eavanje, \u0161irenje ili na drugi na\u010din \u010dinjenje dostupnim, upore\u0111ivanje, ograni\u010davanje, brisanje ili uni\u0161tavanje li\u010dnih podataka;\u2028<\/p>\n\n\n\n<p><strong>Vrsta podataka o li\u010dnosti koje prikupljamo<br><\/strong><br>Platforma prikuplja razli\u010dite podatke u zavisnosti od toga, da li ste korsnik ili posetilac platforme.<br><br><strong>Kupac:<\/strong><\/p>\n\n\n\n<p>Ime i prezime\u2028<br>E mail adresa\u2028<br>IP adresa\u2028<br>Broj telefona\u2028<br>Ulica i broj prebivali\u0161ta<br><br><strong>Posetilac:<\/strong> IP adresa<br><br><strong>Na\u010din sakupljanja informacija<br><\/strong><br>Platforma mo\u017ee prikupljati Va\u0161e podatke iz slede\u0107ih izvora:<br><br>Direktno od kupaca, prilikom formiranja narud\u017ebine.\u2028Prilikom formiranja Va\u0161e narud\u017ebine, Vi nam ostavljate Va\u0161e li\u010dne podatke i to: ime, prezime, adresa i broj prebivali\u0161ta ili druge adrese gde porud\u017ebina treba da se isporu\u010di, broj telefona i e-mail adresu.<br>Podaci koji se prikupljaju od posetilaca Portala\u2028Na\u0161a internet prezentacija mo\u017ee primiti ili dobiti informacije (na primer, adresu e-po\u0161te ili IP adresu) o osobi koja jo\u0161 Kupac, na primer kada se posetilac samo pregleda sadr\u017eaj na na\u0161oj internet prezentaciji<br><br><strong>Svrha obrade i pravni osnov prikupljanja podataka<br><\/strong><br>Mi koristimo Va\u0161e podatke da bismo uspe\u0161no obradili Va\u0161u narud\u017ebinu.Uz pomo\u0107 tih podataka bi\u0107emo u mogu\u0107nosti da Vam isporu\u010dimo \u017eeljenu robu, kao i da Vas obavestimo o trenutnom statusu narud\u017ebine.<br>Va\u0161e podatke o li\u010dnosti obra\u0111uje na osnovu slede\u0107ih pravnih osnova:<br>\u2028\u2013 obrada Va\u0161ih li\u010dnih podataka potrebna je za ispunjenje ugovora, kome ste pristupili tj. pru\u017eanje na\u0161ih usluga;\u2028\u2013 obradu va\u0161ih li\u010dnih podataka se vr\u0161i na osnovu Va\u0161e saglasnosti za odre\u0111enu svrhu obrade, pri \u010demu imate u svakom trenutku pravo da datu saglasnost povu\u010dete (vi\u0161e u <a href=\"https:\/\/www.struja.rs\/en\/cookie-policy\/\" data-type=\"page\" data-id=\"57\">Politici kola\u010di\u0107a<\/a>);<br><br>Dostavljanje li\u010dnih podataka, koji su nam potrebni za ispunjenje ugovora je dobrovoljno.\u2028Upozoravamo vas da u slu\u010daju, da nam ne dostavite sve li\u010dne podatke, koji su nam potrebni za\u2028pru\u017eanje usluge takvu uslugu ne\u0107emo mo\u0107i da obezbedimo.<br><br><strong>Korisnici podataka<br><\/strong><br>Pristup i obradu Va\u0161ih podataka vr\u0161i\u0107e isklju\u010divo lica zaposlena u Struja d.o.o. Mi Va\u0161e li\u010dne podatke ne prosle\u0111ujemo tre\u0107im licima, ne prodajemo, i ne iznajmljujemo ih tre\u0107im licima.<br><br><strong>Vreme \u010duvanja Va\u0161ih podataka<br><\/strong><br>Zadr\u017eavamo va\u0161e informacije samo onoliko koliko nam je potrebno da vam pru\u017eimo uslugu i ispunjavamo svrhe opisane u ovoj politici, dakle dokle god ne primite poru\u010denu robu. Kada se vi\u0161e ne ispunjavaju uslovi za zadr\u017eavanje ovih podataka, iste bri\u0161emo i uklanjamo iz na\u0161ih baza podataka najkasnije u roku od 30 dana.<br><br><strong>Za\u0161tita Va\u0161ih li\u010dnih podataka<br><\/strong><br>Platforma \u0161titi Va\u0161e podatke kori\u0161\u0107enjem slede\u0107ih mera za\u0161tite:<br><br>Enkriptujemo i \u010duvamo u sigurnom oblaku Va\u0161e li\u010dne podatke, koje su nam dati kao \u0161to su telefonski broj, email, IP adresa. Pratimo op\u0161te prihva\u0107ene industrijske standarde da bismo za\u0161titili li\u010dne podatke koji su nam dostavljeni, i tokom prenosa i nakon njihovog prijema, kao \u0161to su razne bezbednosne tehnologije i postupci u cilju spre\u010davanja gubitka, zloupotrebe, neovla\u0161\u0107enog pristupa ili otkrivanja informacija \u2013 na primer, koristimo tehnologiju \u0161ifriranja kao \u0161to je SSL-Secure Sockets Laier da bismo za\u0161titili odre\u0111ene osetljive informacije kao \u0161to su podaci o lokaciji i bezbednost transportnog sloja TLS 1.2 za \u0161ifrovanje podataka od aplikacije do servera. Na\u017ealost, nijedan na\u010din prenosa putem Interneta ili na\u010din elektronskog skladi\u0161tenja nije 100% siguran. Redovno pratimo na\u0161e sisteme radi mogu\u0107ih ranjivosti i napada. Me\u0111utim, ne mo\u017eemo garantovati sigurnost bilo kog podatka koji nam po\u0161aljete. Stoga, iako se trudimo da za\u0161titimo Va\u0161e li\u010dne podatke, ne mo\u017eemo garantovati njegovu apsolutnu sigurnost.<br>Radi sigurnosti va\u0161ih li\u010dnih podataka smo usvojili odgovaraju\u0107e tehni\u010dke i organizacione mere, gde spadaju naro\u010dito: redovno i efikasno a\u017euriranje programske i ra\u010dunarske opreme, gde \u010duvamo va\u0161e li\u010dne podatke, za\u0161tita pristupa li\u010dnim podacima, izrade sigurnosnih kopija, obrazovanje zaposlenih, koji u okviru svog rada obra\u0111uju li\u010dne podatke, nadzor i odgovaraju\u0107e preduzimanje mera u slu\u010daju eventualnih sigurnosnih incidenata, kojima spre\u010davamo ili ograni\u010davamo nastanak \u0161tete za li\u010dne podatke.<br><br><strong>Transfer li\u010dnih podataka<br><\/strong><br>Ne delimo va\u0161e li\u010dne podatke sa tre\u0107im licima, osim ako to posebno nije nagla\u0161eno i ako u tom smislu pribavimo izri\u010ditu saglasnost sa va\u0161e strane. Struja d.o.o. ne\u0107e iznajmiti ili prodati va\u0161e podatke koji mogu li\u010dno da vas identifikuju drugima.<br><br><strong>Va\u0161a prava<br><\/strong><br>U pogledu obrade li\u010dnih podataka imate slede\u0107a prava, koja su opisana ispod:<br><br>Potvrda da li obra\u0111ujemo Va\u0161e podatke o li\u010dnosti;<br>Pristup Va\u0161im podacima o li\u010dnosti;<br>Ispravku Va\u0161ih podataka o li\u010dnosti u slu\u010daju gre\u0161ke;<br>Brisanje Va\u0161ih podataka o li\u010dnosti<br>Prekid obrade Va\u0161ih podataka o li\u010dnosti;<br>Odbijanje da se Va\u0161i li\u010dni podaci o li\u010dnosti obra\u0111uju (povla\u010denje pristanka).<br>Prenos podataka o li\u010dnosti kod drugog pru\u017eaoca usluge.<br><br>Napred pobrojana prava mo\u017eete ostvariti kontaktiranjem Platforme na slede\u0107e na\u010dine: e-mail adresa: struja@struja.rs.<br><br><strong>Nadle\u017eni organ<br><\/strong><br>Nadle\u017eni organ za za\u0161titu podataka o li\u010dnosti je Poverenik za informacije od javnog zna\u010daja i za\u0161titu podataka o li\u010dnosti Republike Srbije. Organu se mo\u017eete obratiti na adresi Bulevar kralja Aleksandra broj 15, 11000 Beograd, Republika Srbija ili e mailom na office@poverenik.rs ili telefonom na\u2028+381 11 3408 900.<br><br><strong>Zavr\u0161ne odredbe<br><\/strong><br>Ova Politika se primenjuje od 01.08.2020. godine. U slu\u010daju promena o tome \u0107emo vas prethodno obavestiti. Smatra se da ste saglasni sa novom verzijom ove Politike, ako nastavite sa kori\u0161\u0107enjem na\u0161eg portala i aplikacije, koje odre\u0111uje ova Politika, s obzirom da na snagu stupu nova verzija ove Politike.<\/p>\n","protected":false},"excerpt":{"rendered":"<p>PrivatnostMi po\u0161tujemo va\u0161u privatnost i bri\u017eno \u010duvamo Va\u0161e li\u010dne podatke. U ovoj Politici za\u0161tite li\u010dnih podataka (u nastavku Politika) obave\u0161tavamo Vas o li\u010dnim podacima koje od Vas prikupljamo, za koje svrhe i po kom pravnom osnovu, sigurnosne mere kojima ih \u0161titimo, lica s kojima ih delimo, rok u kojem ih \u010duvamo, kao i Va\u0161a prava [&hellip;]<\/p>\n","protected":false},"author":1,"featured_media":0,"parent":0,"menu_order":0,"comment_status":"closed","ping_status":"closed","template":"","meta":{"_acf_changed":false,"footnotes":""},"class_list":["post-3926","page","type-page","status-publish","hentry"],"acf":[],"_links":{"self":[{"href":"https:\/\/www.struja.rs\/en\/wp-json\/wp\/v2\/pages\/3926","targetHints":{"allow":["GET"]}}],"collection":[{"href":"https:\/\/www.struja.rs\/en\/wp-json\/wp\/v2\/pages"}],"about":[{"href":"https:\/\/www.struja.rs\/en\/wp-json\/wp\/v2\/types\/page"}],"author":[{"embeddable":true,"href":"https:\/\/www.struja.rs\/en\/wp-json\/wp\/v2\/users\/1"}],"replies":[{"embeddable":true,"href":"https:\/\/www.struja.rs\/en\/wp-json\/wp\/v2\/comments?post=3926"}],"version-history":[{"count":1,"href":"https:\/\/www.struja.rs\/en\/wp-json\/wp\/v2\/pages\/3926\/revisions"}],"predecessor-version":[{"id":3927,"href":"https:\/\/www.struja.rs\/en\/wp-json\/wp\/v2\/pages\/3926\/revisions\/3927"}],"wp:attachment":[{"href":"https:\/\/www.struja.rs\/en\/wp-json\/wp\/v2\/media?parent=3926"}],"curies":[{"name":"wp","href":"https:\/\/api.w.org\/{rel}","templated":true}]}}